{"id":106,"date":"2024-10-20T11:20:45","date_gmt":"2024-10-20T09:20:45","guid":{"rendered":"https:\/\/acteurs-lr.fr\/?page_id=106"},"modified":"2025-03-12T09:33:29","modified_gmt":"2025-03-12T08:33:29","slug":"nos-accompagnements","status":"publish","type":"page","link":"https:\/\/acteurs-lr.fr\/index.php\/nos-accompagnements\/","title":{"rendered":"Nos accompagnements"},"content":{"rendered":"\n<div style=\"height:57px\" aria-hidden=\"true\" class=\"wp-block-spacer\"><\/div>\n\n\n\n<h2 class=\"wp-block-heading\"><img loading=\"lazy\" decoding=\"async\" width=\"100\" height=\"100\" class=\"wp-image-90\" style=\"width: 100px;\" src=\"http:\/\/acteurs-lr.fr\/wp-content\/uploads\/2024\/10\/picto_acc.jpg\" alt=\"Picto Accompagnement\"> Accompagnement Int\u00e9gr\u00e9<\/h2>\n\n\n\n<div class=\"wp-block-group is-layout-constrained wp-block-group-is-layout-constrained\">\n<p>Objectifs:<\/p>\n\n\n\n<ul class=\"wp-block-list\">\n<li>Gagner en confiance en soi<\/li>\n\n\n\n<li>Elaborer un projet professionnel<\/li>\n\n\n\n<li>Accompagner vers et dans la reprise d&#8217;activit\u00e9<\/li>\n<\/ul>\n\n\n\n<p>Public : Allocataires du RSA du d\u00e9partement de l&#8217;H\u00e9rault<\/p>\n<\/div>\n\n\n\n<p><img loading=\"lazy\" decoding=\"async\" width=\"20\" height=\"20\" class=\"wp-image-210\" style=\"width: 20px;\" src=\"http:\/\/acteurs-lr.fr\/wp-content\/uploads\/2024\/10\/download-1.gif\" alt=\"\"> <a href=\"https:\/\/acteurs-lr.fr\/wp-content\/uploads\/2024\/10\/plaquette_acc_ai.pdf\" data-type=\"attachment\" data-id=\"171\" target=\"_blank\" rel=\"noreferrer noopener\">Fiche de descriptive de l&#8217;action Accompagnement Int\u00e9gr\u00e9<\/a><\/p>\n","protected":false},"excerpt":{"rendered":"<p>Accompagnement Int\u00e9gr\u00e9 Objectifs: Public : Allocataires du RSA du d\u00e9partement de l&#8217;H\u00e9rault Fiche de descriptive de l&#8217;action Accompagnement Int\u00e9gr\u00e9<\/p>\n","protected":false},"author":1,"featured_media":0,"parent":0,"menu_order":0,"comment_status":"closed","ping_status":"closed","template":"","meta":{"_themeisle_gutenberg_block_has_review":false,"footnotes":""},"class_list":["post-106","page","type-page","status-publish","hentry"],"_links":{"self":[{"href":"https:\/\/acteurs-lr.fr\/index.php\/wp-json\/wp\/v2\/pages\/106","targetHints":{"allow":["GET"]}}],"collection":[{"href":"https:\/\/acteurs-lr.fr\/index.php\/wp-json\/wp\/v2\/pages"}],"about":[{"href":"https:\/\/acteurs-lr.fr\/index.php\/wp-json\/wp\/v2\/types\/page"}],"author":[{"embeddable":true,"href":"https:\/\/acteurs-lr.fr\/index.php\/wp-json\/wp\/v2\/users\/1"}],"replies":[{"embeddable":true,"href":"https:\/\/acteurs-lr.fr\/index.php\/wp-json\/wp\/v2\/comments?post=106"}],"version-history":[{"count":14,"href":"https:\/\/acteurs-lr.fr\/index.php\/wp-json\/wp\/v2\/pages\/106\/revisions"}],"predecessor-version":[{"id":292,"href":"https:\/\/acteurs-lr.fr\/index.php\/wp-json\/wp\/v2\/pages\/106\/revisions\/292"}],"wp:attachment":[{"href":"https:\/\/acteurs-lr.fr\/index.php\/wp-json\/wp\/v2\/media?parent=106"}],"curies":[{"name":"wp","href":"https:\/\/api.w.org\/{rel}","templated":true}]}}