{"id":108,"date":"2024-10-20T11:21:08","date_gmt":"2024-10-20T09:21:08","guid":{"rendered":"https:\/\/acteurs-lr.fr\/?page_id=108"},"modified":"2025-08-28T11:18:16","modified_gmt":"2025-08-28T09:18:16","slug":"nos-formations","status":"publish","type":"page","link":"https:\/\/acteurs-lr.fr\/index.php\/nos-formations\/","title":{"rendered":"Nos formations"},"content":{"rendered":"\n<div style=\"height:65px\" aria-hidden=\"true\" class=\"wp-block-spacer\"><\/div>\n\n\n\n<p><strong>Formations innovantes, formations pr\u00e9paratoires \u00e0 l&#8217;insertion, formations aux Techniques de Recherche d&#8217;Emploi, formations \u00e0 l&#8217;utilisation des NTIC<\/strong><\/p>\n\n\n\n<p>Acteurs intervient dans l\u2019accompagnement des personnes vers une insertion choisie et durable, et notamment aupr\u00e8s des b\u00e9n\u00e9ficiaires des minimas sociaux, \u00e9loign\u00e9s de l\u2019emploi, et pour une grande majorit\u00e9 peu ou pas qualifi\u00e9.<\/p>\n\n\n\n<p>Ancr\u00e9s sur les territoires, nous nous sommes toujours attach\u00e9s \u00e0 identifer, developper et proposer des actions de formation permettant aux personnes d\u2019\u00e9laborer et de r\u00e9aliser leurs projets professionnels en ad\u00e9quation avec leur projet de vie.<\/p>\n\n\n\n<p>Notre connaissance du territoire, des publics et des partenaires sociaux et professionnels nous permettent :<\/p>\n\n\n\n<ul class=\"wp-block-list\">\n<li>de r\u00e9pondre aux attentes de nos prescripteurs<\/li>\n\n\n\n<li>d\u2019initier des actions innovantes en faveur des publics les plus en difficult\u00e9s<\/li>\n<\/ul>\n\n\n\n<p>Les engagements de notre structure et posture professionnelle de nos conseillers envers les b\u00e9n\u00e9ficiaires et les entreprises partenaires se traduisent par : .<\/p>\n\n\n\n<ul class=\"wp-block-list\">\n<li>une Approche bienveillante des personnes accueillies par une prise en compte globale,<\/li>\n\n\n\n<li>la Valorisation des potentiels des personnes accompagn\u00e9es et mise en perspective avec les besoins en main d\u2019\u0153uvre du territoire.<\/li>\n\n\n\n<li>le Partenariat avec les entreprises locales pour l\u2019analyse de leur besoin en personnel et leur implication dans les processus de sensibilisation, de validation de projet, de recrutements.<\/li>\n\n\n\n<li>la Mutualisation des ressources locales existantes avec les Organismes de formation, France Travail, les AI, l\u2019ETTI, le GEIQ, les Associations et F\u00e9d\u00e9rations Professionnelles.<\/li>\n<\/ul>\n\n\n\n<p><\/p>\n\n\n\n<p><img loading=\"lazy\" decoding=\"async\" width=\"20\" height=\"20\" class=\"wp-image-219\" style=\"width: 20px;\" src=\"http:\/\/acteurs-lr.fr\/wp-content\/uploads\/2024\/10\/lien.gif\" alt=\"\"> <a href=\"https:\/\/acteurs-lr.fr\/index.php\/egalite-des-chances\/\" data-type=\"page\" data-id=\"99\">Accueil des personnes en situation de handicap: Voir page &#8220;Egalit\u00e9 des Chances&#8221;<\/a><\/p>\n\n\n\n<h2 class=\"wp-block-heading\"><\/h2>\n","protected":false},"excerpt":{"rendered":"<p>Formations innovantes, formations pr\u00e9paratoires \u00e0 l&#8217;insertion, formations aux Techniques de Recherche d&#8217;Emploi, formations \u00e0 l&#8217;utilisation des NTIC Acteurs intervient dans l\u2019accompagnement des personnes vers une insertion choisie et durable, et notamment aupr\u00e8s des b\u00e9n\u00e9ficiaires des minimas sociaux, \u00e9loign\u00e9s de l\u2019emploi, et pour une grande majorit\u00e9 peu ou pas qualifi\u00e9. Ancr\u00e9s sur les territoires, nous nous [&hellip;]<\/p>\n","protected":false},"author":1,"featured_media":0,"parent":0,"menu_order":0,"comment_status":"closed","ping_status":"closed","template":"","meta":{"_themeisle_gutenberg_block_has_review":false,"footnotes":""},"class_list":["post-108","page","type-page","status-publish","hentry"],"_links":{"self":[{"href":"https:\/\/acteurs-lr.fr\/index.php\/wp-json\/wp\/v2\/pages\/108","targetHints":{"allow":["GET"]}}],"collection":[{"href":"https:\/\/acteurs-lr.fr\/index.php\/wp-json\/wp\/v2\/pages"}],"about":[{"href":"https:\/\/acteurs-lr.fr\/index.php\/wp-json\/wp\/v2\/types\/page"}],"author":[{"embeddable":true,"href":"https:\/\/acteurs-lr.fr\/index.php\/wp-json\/wp\/v2\/users\/1"}],"replies":[{"embeddable":true,"href":"https:\/\/acteurs-lr.fr\/index.php\/wp-json\/wp\/v2\/comments?post=108"}],"version-history":[{"count":7,"href":"https:\/\/acteurs-lr.fr\/index.php\/wp-json\/wp\/v2\/pages\/108\/revisions"}],"predecessor-version":[{"id":304,"href":"https:\/\/acteurs-lr.fr\/index.php\/wp-json\/wp\/v2\/pages\/108\/revisions\/304"}],"wp:attachment":[{"href":"https:\/\/acteurs-lr.fr\/index.php\/wp-json\/wp\/v2\/media?parent=108"}],"curies":[{"name":"wp","href":"https:\/\/api.w.org\/{rel}","templated":true}]}}