{"id":110,"date":"2024-10-20T11:21:26","date_gmt":"2024-10-20T09:21:26","guid":{"rendered":"https:\/\/acteurs-lr.fr\/?page_id=110"},"modified":"2024-10-27T18:05:28","modified_gmt":"2024-10-27T17:05:28","slug":"nos-actions-jeunes","status":"publish","type":"page","link":"https:\/\/acteurs-lr.fr\/index.php\/nos-actions-jeunes\/","title":{"rendered":"Nos actions jeunes"},"content":{"rendered":"\n<div style=\"height:55px\" aria-hidden=\"true\" class=\"wp-block-spacer\"><\/div>\n\n\n\n<h2 class=\"wp-block-heading\"><img loading=\"lazy\" decoding=\"async\" width=\"100\" height=\"100\" class=\"wp-image-96\" style=\"width: 100px;\" src=\"http:\/\/acteurs-lr.fr\/wp-content\/uploads\/2024\/10\/picto_jeunes.jpg\" alt=\"Picto actions jeunes\"> Actions de lutte contre le d\u00e9crochage scolaire<\/h2>\n\n\n\n<p>Objectifs:<\/p>\n\n\n\n<ul class=\"wp-block-list\">\n<li>Elaborer un projet d&#8217;avenir, s&#8217;orienter vers un m\u00e9tier qui correspond \u00e0 ses envies, ses aptitudes et aux r\u00e9alit\u00e9s du march\u00e9 du travail<\/li>\n\n\n\n<li>Aider \u00e0 la recherche de stage en entreprise<\/li>\n\n\n\n<li>Acqu\u00e9rir les codes de l&#8217;entreprise<\/li>\n\n\n\n<li>Gagner en confiance en soi<\/li>\n<\/ul>\n\n\n\n<p>Public: jeunes d\u00e9crocheurs scolaires ou en risque de d\u00e9crochage scolaire rep\u00e9r\u00e9s par la MLDS (Mission de Lutte contre le D\u00e9crochage Scolaire)<\/p>\n\n\n\n<p>Exemples d&#8217;actions:<\/p>\n\n\n\n<p><img loading=\"lazy\" decoding=\"async\" width=\"20\" height=\"20\" class=\"wp-image-219\" style=\"width: 20px;\" src=\"http:\/\/acteurs-lr.fr\/wp-content\/uploads\/2024\/10\/lien.gif\" alt=\"\"> <a href=\"http:\/\/acteurs-sc.jimdofree.com\" data-type=\"link\" data-id=\"http:\/\/acteurs-sc.jimdofree.com\" target=\"_blank\" rel=\"noreferrer noopener\">Service Civique Combin\u00e9 : lien vers le site de l&#8217;action<\/a><\/p>\n\n\n\n<p>Ateliers sur demande des MLDS<\/p>\n\n\n\n<hr class=\"wp-block-separator has-alpha-channel-opacity\"\/>\n\n\n\n<p>Acteurs dispose de l&#8217;Agr\u00e9ment Education Nationale.<\/p>\n\n\n\n<p><\/p>\n","protected":false},"excerpt":{"rendered":"<p>Actions de lutte contre le d\u00e9crochage scolaire Objectifs: Public: jeunes d\u00e9crocheurs scolaires ou en risque de d\u00e9crochage scolaire rep\u00e9r\u00e9s par la MLDS (Mission de Lutte contre le D\u00e9crochage Scolaire) Exemples d&#8217;actions: Service Civique Combin\u00e9 : lien vers le site de l&#8217;action Ateliers sur demande des MLDS Acteurs dispose de l&#8217;Agr\u00e9ment Education Nationale.<\/p>\n","protected":false},"author":1,"featured_media":0,"parent":0,"menu_order":0,"comment_status":"closed","ping_status":"closed","template":"","meta":{"_themeisle_gutenberg_block_has_review":false,"footnotes":""},"class_list":["post-110","page","type-page","status-publish","hentry"],"_links":{"self":[{"href":"https:\/\/acteurs-lr.fr\/index.php\/wp-json\/wp\/v2\/pages\/110","targetHints":{"allow":["GET"]}}],"collection":[{"href":"https:\/\/acteurs-lr.fr\/index.php\/wp-json\/wp\/v2\/pages"}],"about":[{"href":"https:\/\/acteurs-lr.fr\/index.php\/wp-json\/wp\/v2\/types\/page"}],"author":[{"embeddable":true,"href":"https:\/\/acteurs-lr.fr\/index.php\/wp-json\/wp\/v2\/users\/1"}],"replies":[{"embeddable":true,"href":"https:\/\/acteurs-lr.fr\/index.php\/wp-json\/wp\/v2\/comments?post=110"}],"version-history":[{"count":4,"href":"https:\/\/acteurs-lr.fr\/index.php\/wp-json\/wp\/v2\/pages\/110\/revisions"}],"predecessor-version":[{"id":238,"href":"https:\/\/acteurs-lr.fr\/index.php\/wp-json\/wp\/v2\/pages\/110\/revisions\/238"}],"wp:attachment":[{"href":"https:\/\/acteurs-lr.fr\/index.php\/wp-json\/wp\/v2\/media?parent=110"}],"curies":[{"name":"wp","href":"https:\/\/api.w.org\/{rel}","templated":true}]}}