{"id":138,"date":"2024-10-27T15:52:19","date_gmt":"2024-10-27T14:52:19","guid":{"rendered":"https:\/\/acteurs-lr.fr\/?page_id=138"},"modified":"2025-09-15T11:02:06","modified_gmt":"2025-09-15T09:02:06","slug":"accueil","status":"publish","type":"page","link":"https:\/\/acteurs-lr.fr\/","title":{"rendered":"Accueil"},"content":{"rendered":"\n<div style=\"height:68px\" aria-hidden=\"true\" class=\"wp-block-spacer\"><\/div>\n\n\n\n<h2 class=\"wp-block-heading\">Qui sommes-nous ?<br><\/h2>\n\n\n\n<div class=\"wp-block-group is-layout-constrained wp-block-group-is-layout-constrained\">\n<p>L\u2019association est n\u00e9e d\u2019une volont\u00e9 de rapprocher les acteurs du monde \u00e9conomique de celui de l\u2019intervention sociale.<\/p>\n\n\n\n<p>Depuis 1996, nous nous sommes donn\u00e9 pour mission de constituer un r\u00e9seau pour promouvoir et mettre en \u0153uvre de la recherche et des actions dans une perspective de d\u00e9veloppement local et d\u2019accompagnement vers l\u2019emploi.<\/p>\n\n\n\n<p>Les actions de formation permettent aux personnes d\u2019\u00e9laborer et de r\u00e9aliser leurs projets professionnels en ad\u00e9quation avec leur projet de vie.<\/p>\n\n\n\n<p>Nous sommes une \u00e9quipe de professionnels, soutenue par un conseil d\u2019administration qui refl\u00e8te la diversit\u00e9 du monde du travail.<\/p>\n\n\n\n<p>ACTEURS, nous le sommes tous au quotidien dans notre histoire personnelle et collective.<\/p>\n<\/div>\n\n\n\n<h2 class=\"wp-block-heading\">Notre histoire, Nos valeurs<\/h2>\n\n\n\n<div class=\"wp-block-group is-layout-constrained wp-block-group-is-layout-constrained\">\n<p>L&#8217;association ACTEURS a \u00e9t\u00e9 cr\u00e9\u00e9e en 1996. Nous nous sommes donn\u00e9 pour mission de constituer un r\u00e9seau pour promouvoir et mettre en oeuvre de la recherche et des actions dans une perspective de d\u00e9veloppement local et d&#8217;accompagnement vers l&#8217;emploi. Nous sommes une \u00e9quipe de 9 formateurs salari\u00e9s en CDI, r\u00e9partis sur le territoire de l&#8217;Est H\u00e9raultais (si\u00e8ge \u00e0 Montpellier, 1 antenne \u00e0 Lunel, 1 antenne \u00e0 S\u00e8te). La structure a commenc\u00e9 avec une antenne sur Montpellier en 1996, et n&#8217;a cess\u00e9 de se d\u00e9velopper depuis (Lunel en 1999, S\u00e8te en 2019).<\/p>\n\n\n\n<p>L\u2019histoire d\u2019Acteurs est port\u00e9e par les valeurs d&#8217;une \u00e9quipe, connect\u00e9e au public qu&#8217;elle re\u00e7oit, et qui s\u2019offre la libert\u00e9 de d\u00e9velopper des comp\u00e9tences et des actions annexes \u00e0 sa mission premi\u00e8re : \u00ab trouver sa juste place dans le monde du travail \u00bb pour mieux la servir.<\/p>\n\n\n\n<p>C&#8217;est ainsi que des missions de recherches, d&#8217;innovations, lui ont souvent permis d&#8217;\u00eatre pr\u00e9curseur (pour exemple les travaux sur le t\u00e9l\u00e9travail et les communaut\u00e9s d&#8217;apprentissage et les classes virtuelles port\u00e9es entre 1997 et 2002) &#8211; Les exp\u00e9rimentations et les actions innovantes ont rythm\u00e9 la vie d&#8217;Acteurs depuis presque 30 ans avec pour objectif d\u2019\u0153uvrer pour un monde professionnel plus juste (Mixit\u00e9 professionnelle, M\u00e9diation num\u00e9rique, CIP de rue et lutte contre le d\u00e9crochage scolaire\u2026) .<\/p>\n\n\n\n<p>R\u00e9gie sous statut associatif, ACTEURS est administr\u00e9e par des membres issus \u00e0 parit\u00e9 du monde \u00e9conomique et de l&#8217;environnement sanitaire et social. Organe \u00e0 deux t\u00eates et \u00e0 multiples facettes, c&#8217;est aussi une structure pensante, participative, capable de remise en question, d&#8217;agilit\u00e9 et qui sait nouer des partenariats pluriels.<\/p>\n\n\n\n<p>Son mod\u00e8le \u00e9conomique s&#8217;appuie sur sa capacit\u00e9 \u00e0 proposer des actions innovantes aux collectivit\u00e9s mais aussi \u00e0 s&#8217;associer \u00e0 des organismes plus importants pour s&#8217;adapter aux modalit\u00e9s de passation de march\u00e9s et r\u00e9pondre ainsi aux attentes de la commande publique.<\/p>\n\n\n\n<p>Son p\u00f4le de direction coordonne une \u00e9quipe multidisciplinaire implant\u00e9e dans les bassins d&#8217;emploi du d\u00e9partement et qui participe pleinement au rayonnement de la structure et \u00e0 son d\u00e9veloppement. C&#8217;est ainsi que chaque salari\u00e9 d&#8217;Acteurs est reconnu dans sa singularit\u00e9, et la mise en sc\u00e8ne de ses comp\u00e9tences sp\u00e9cifiques est toujours pl\u00e9biscit\u00e9e pour enrichir l\u2019association de la diversit\u00e9 des membres qui la constitue.<\/p>\n\n\n\n<p>Enfin, rien de hors sol \u00e0 ACTEURS, tout est ancr\u00e9 dans les usages, les besoins, les territoires, les possibles. Organisme de formation et d&#8217;insertion, les deux axes d&#8217;activit\u00e9 se nourrissent l&#8217;un l&#8217;autre pour la conception d&#8217; actions aux modalit\u00e9s p\u00e9dagogiques souples, en prise directe avec les besoins des publics, et en phase avec la r\u00e9alit\u00e9 locale.<\/p>\n<\/div>\n\n\n\n<div style=\"height:40px\" aria-hidden=\"true\" class=\"wp-block-spacer\"><\/div>\n\n\n\n<h2 class=\"wp-block-heading\">Nos financeurs et partenaires<\/h2>\n\n\n\n<figure class=\"wp-block-image aligncenter size-full\"><img loading=\"lazy\" decoding=\"async\" width=\"1128\" height=\"607\" src=\"http:\/\/acteurs-lr.fr\/wp-content\/uploads\/2025\/09\/bandeau_partenaires.jpg\" alt=\"\" class=\"wp-image-308\" srcset=\"https:\/\/acteurs-lr.fr\/wp-content\/uploads\/2025\/09\/bandeau_partenaires.jpg 1128w, https:\/\/acteurs-lr.fr\/wp-content\/uploads\/2025\/09\/bandeau_partenaires-300x161.jpg 300w, https:\/\/acteurs-lr.fr\/wp-content\/uploads\/2025\/09\/bandeau_partenaires-1024x551.jpg 1024w, https:\/\/acteurs-lr.fr\/wp-content\/uploads\/2025\/09\/bandeau_partenaires-768x413.jpg 768w\" sizes=\"auto, (max-width: 1128px) 100vw, 1128px\" \/><\/figure>\n\n\n\n<div style=\"height:47px\" aria-hidden=\"true\" class=\"wp-block-spacer\"><\/div>\n\n\n\n<p>ACTEURS dispose de la certification QUALIOPI:<\/p>\n\n\n\n<figure class=\"wp-block-image aligncenter size-full\"><img loading=\"lazy\" decoding=\"async\" width=\"600\" height=\"150\" src=\"http:\/\/acteurs-lr.fr\/wp-content\/uploads\/2024\/10\/logo_acteurs_qualiopi.jpg\" alt=\"logo Qualiopi\" class=\"wp-image-38\" srcset=\"https:\/\/acteurs-lr.fr\/wp-content\/uploads\/2024\/10\/logo_acteurs_qualiopi.jpg 600w, https:\/\/acteurs-lr.fr\/wp-content\/uploads\/2024\/10\/logo_acteurs_qualiopi-300x75.jpg 300w\" sizes=\"auto, (max-width: 600px) 100vw, 600px\" \/><\/figure>\n\n\n\n<p><img loading=\"lazy\" decoding=\"async\" width=\"20\" height=\"20\" class=\"wp-image-210\" style=\"width: 20px;\" src=\"http:\/\/acteurs-lr.fr\/wp-content\/uploads\/2024\/10\/download-1.gif\" alt=\"\"> <a href=\"https:\/\/acteurs-lr.fr\/wp-content\/uploads\/2024\/10\/qualiopi.pdf\" data-type=\"attachment\" data-id=\"141\" target=\"_blank\" rel=\"noreferrer noopener\">Notre certificat QUALIOPI<\/a><\/p>\n\n\n\n<hr class=\"wp-block-separator has-alpha-channel-opacity\"\/>\n\n\n\n<figure class=\"wp-block-image aligncenter size-full\"><img loading=\"lazy\" decoding=\"async\" width=\"320\" height=\"116\" src=\"http:\/\/acteurs-lr.fr\/wp-content\/uploads\/2024\/10\/farandole.jpg\" alt=\"\" class=\"wp-image-164\" srcset=\"https:\/\/acteurs-lr.fr\/wp-content\/uploads\/2024\/10\/farandole.jpg 320w, https:\/\/acteurs-lr.fr\/wp-content\/uploads\/2024\/10\/farandole-300x109.jpg 300w\" sizes=\"auto, (max-width: 320px) 100vw, 320px\" \/><\/figure>\n\n\n\n<p><em>Graphismes aimablement r\u00e9alis\u00e9s par:<br>Isabelle Lanaud <br>isabelle.lanaud @ gmail.com<\/em><\/p>\n\n\n\n<p><\/p>\n\n\n\n<p><\/p>\n","protected":false},"excerpt":{"rendered":"<p>Qui sommes-nous ? L\u2019association est n\u00e9e d\u2019une volont\u00e9 de rapprocher les acteurs du monde \u00e9conomique de celui de l\u2019intervention sociale. Depuis 1996, nous nous sommes donn\u00e9 pour mission de constituer un r\u00e9seau pour promouvoir et mettre en \u0153uvre de la recherche et des actions dans une perspective de d\u00e9veloppement local et d\u2019accompagnement vers l\u2019emploi. Les [&hellip;]<\/p>\n","protected":false},"author":1,"featured_media":0,"parent":0,"menu_order":0,"comment_status":"closed","ping_status":"closed","template":"","meta":{"_themeisle_gutenberg_block_has_review":false,"footnotes":""},"class_list":["post-138","page","type-page","status-publish","hentry"],"_links":{"self":[{"href":"https:\/\/acteurs-lr.fr\/index.php\/wp-json\/wp\/v2\/pages\/138","targetHints":{"allow":["GET"]}}],"collection":[{"href":"https:\/\/acteurs-lr.fr\/index.php\/wp-json\/wp\/v2\/pages"}],"about":[{"href":"https:\/\/acteurs-lr.fr\/index.php\/wp-json\/wp\/v2\/types\/page"}],"author":[{"embeddable":true,"href":"https:\/\/acteurs-lr.fr\/index.php\/wp-json\/wp\/v2\/users\/1"}],"replies":[{"embeddable":true,"href":"https:\/\/acteurs-lr.fr\/index.php\/wp-json\/wp\/v2\/comments?post=138"}],"version-history":[{"count":17,"href":"https:\/\/acteurs-lr.fr\/index.php\/wp-json\/wp\/v2\/pages\/138\/revisions"}],"predecessor-version":[{"id":310,"href":"https:\/\/acteurs-lr.fr\/index.php\/wp-json\/wp\/v2\/pages\/138\/revisions\/310"}],"wp:attachment":[{"href":"https:\/\/acteurs-lr.fr\/index.php\/wp-json\/wp\/v2\/media?parent=138"}],"curies":[{"name":"wp","href":"https:\/\/api.w.org\/{rel}","templated":true}]}}