{"id":48,"date":"2024-10-19T23:13:10","date_gmt":"2024-10-19T21:13:10","guid":{"rendered":"https:\/\/acteurs-lr.fr\/?page_id=48"},"modified":"2025-06-27T14:19:50","modified_gmt":"2025-06-27T12:19:50","slug":"contacts","status":"publish","type":"page","link":"https:\/\/acteurs-lr.fr\/index.php\/contacts\/","title":{"rendered":"Contacts\/Lieux"},"content":{"rendered":"\n<div style=\"height:57px\" aria-hidden=\"true\" class=\"wp-block-spacer\"><\/div>\n\n\n\n<h2 class=\"wp-block-heading\"><img loading=\"lazy\" decoding=\"async\" width=\"100\" height=\"100\" class=\"wp-image-93\" style=\"width: 100px;\" src=\"http:\/\/acteurs-lr.fr\/wp-content\/uploads\/2024\/10\/picto_contact.jpg\" alt=\"Picto contacts\"> Nos antennes<\/h2>\n\n\n\n<p><strong>MONTPELLIER [Si\u00e8ge Social]<\/strong><br>26 rue Henri Ren\u00e9<br>34000 Montpellier<br><strong>Tel. 04 67 22 32 53<\/strong><\/p>\n\n\n\n<p><img loading=\"lazy\" decoding=\"async\" width=\"20\" height=\"20\" class=\"wp-image-210\" style=\"width: 20px;\" src=\"http:\/\/acteurs-lr.fr\/wp-content\/uploads\/2024\/10\/download-1.gif\" alt=\"\"> <a href=\"https:\/\/acteurs-lr.fr\/wp-content\/uploads\/2024\/10\/plan_mtp_26.pdf\" data-type=\"attachment\" data-id=\"66\" target=\"_blank\" rel=\"noreferrer noopener\">Plan d&#8217;acc\u00e8s<\/a><\/p>\n\n\n\n<hr class=\"wp-block-separator has-alpha-channel-opacity\"\/>\n\n\n\n<p><strong>MONTPELLIER [Antenne]<\/strong><br>13 Rue Aristide Ollivier<br>34000 Montpellier<\/p>\n\n\n\n<p><img loading=\"lazy\" decoding=\"async\" width=\"20\" height=\"20\" class=\"wp-image-210\" style=\"width: 20px;\" src=\"http:\/\/acteurs-lr.fr\/wp-content\/uploads\/2024\/10\/download-1.gif\" alt=\"\"> <a href=\"https:\/\/acteurs-lr.fr\/wp-content\/uploads\/2024\/10\/plan_mtp_13.pdf\" data-type=\"attachment\" data-id=\"82\" target=\"_blank\" rel=\"noreferrer noopener\">Plan d&#8217;acc\u00e8s<\/a><\/p>\n\n\n\n<hr class=\"wp-block-separator has-alpha-channel-opacity\"\/>\n\n\n\n<p><strong>LUNEL [Antenne]<\/strong><br>94 Avenue G\u00e9n\u00e9ral Sarrail<br>34400 Lunel<\/p>\n\n\n\n<p><img loading=\"lazy\" decoding=\"async\" width=\"20\" height=\"20\" class=\"wp-image-210\" style=\"width: 20px;\" src=\"http:\/\/acteurs-lr.fr\/wp-content\/uploads\/2024\/10\/download-1.gif\" alt=\"\"> <a href=\"https:\/\/acteurs-lr.fr\/wp-content\/uploads\/2024\/10\/plan_lunel.pdf\" data-type=\"attachment\" data-id=\"81\" target=\"_blank\" rel=\"noreferrer noopener\">Plan d&#8217;acc\u00e8s<\/a><\/p>\n\n\n\n<hr class=\"wp-block-separator has-alpha-channel-opacity\"\/>\n\n\n\n<p><strong>SETE [Antenne]<\/strong><br>12 rue L\u00e9on Magurno \u2013 Le Magellan<br>34200 S\u00e8te<\/p>\n\n\n\n<p><img loading=\"lazy\" decoding=\"async\" width=\"20\" height=\"20\" class=\"wp-image-210\" style=\"width: 20px;\" src=\"http:\/\/acteurs-lr.fr\/wp-content\/uploads\/2024\/10\/download-1.gif\" alt=\"\"> <a href=\"https:\/\/acteurs-lr.fr\/wp-content\/uploads\/2024\/10\/plan_sete.pdf\" data-type=\"attachment\" data-id=\"84\" target=\"_blank\" rel=\"noreferrer noopener\">Plan d&#8217;acc\u00e8s<\/a><\/p>\n\n\n\n<p><\/p>\n\n\n\n<div style=\"height:57px\" aria-hidden=\"true\" class=\"wp-block-spacer\"><\/div>\n\n\n\n<h2 class=\"wp-block-heading\"><img loading=\"lazy\" decoding=\"async\" width=\"100\" height=\"100\" class=\"wp-image-93\" style=\"width: 100px;\" src=\"http:\/\/acteurs-lr.fr\/wp-content\/uploads\/2024\/10\/picto_contact.jpg\" alt=\"Picto contacts\"> Nos permanences<\/h2>\n\n\n\n<p>M\u00e9diath\u00e8que de Palavas les Flots &#8211; 44 avenue de l\u2019\u00e9tang du Grec 34250<strong> PALAVAS LES FLOTS<\/strong><\/p>\n\n\n\n<p>Point Emploi Mauguio &#8211; Boulevard de la D\u00e9mocratie, 34130 <strong>MAUGUIO<\/strong><\/p>\n\n\n\n<p>Point Emploi de La Grande Motte &#8211; B\u00e2timent Poisson \u2013 Le point z\u00e9ro 34280 <strong>LA GRANDE MOTTE<\/strong><\/p>\n\n\n\n<p>Points des solidarit\u00e9s &#8211; Place des Cistes 34280 <strong>CARNON<\/strong><\/p>\n\n\n\n<div style=\"height:52px\" aria-hidden=\"true\" class=\"wp-block-spacer\"><\/div>\n\n\n\n<h2 class=\"wp-block-heading\"><img loading=\"lazy\" decoding=\"async\" width=\"100\" height=\"100\" class=\"wp-image-93\" style=\"width: 100px;\" src=\"http:\/\/acteurs-lr.fr\/wp-content\/uploads\/2024\/10\/picto_contact.jpg\" alt=\"Picto contacts\"> Courriel<\/h2>\n\n\n\n<p>contact @ acteurs-lr.fr<\/p>\n\n\n\n<p><\/p>\n","protected":false},"excerpt":{"rendered":"<p>Nos antennes MONTPELLIER [Si\u00e8ge Social]26 rue Henri Ren\u00e934000 MontpellierTel. 04 67 22 32 53 Plan d&#8217;acc\u00e8s MONTPELLIER [Antenne]13 Rue Aristide Ollivier34000 Montpellier Plan d&#8217;acc\u00e8s LUNEL [Antenne]94 Avenue G\u00e9n\u00e9ral Sarrail34400 Lunel Plan d&#8217;acc\u00e8s SETE [Antenne]12 rue L\u00e9on Magurno \u2013 Le Magellan34200 S\u00e8te Plan d&#8217;acc\u00e8s Nos permanences M\u00e9diath\u00e8que de Palavas les Flots &#8211; 44 avenue de l\u2019\u00e9tang [&hellip;]<\/p>\n","protected":false},"author":1,"featured_media":0,"parent":0,"menu_order":0,"comment_status":"closed","ping_status":"closed","template":"","meta":{"_themeisle_gutenberg_block_has_review":false,"footnotes":""},"class_list":["post-48","page","type-page","status-publish","hentry"],"_links":{"self":[{"href":"https:\/\/acteurs-lr.fr\/index.php\/wp-json\/wp\/v2\/pages\/48","targetHints":{"allow":["GET"]}}],"collection":[{"href":"https:\/\/acteurs-lr.fr\/index.php\/wp-json\/wp\/v2\/pages"}],"about":[{"href":"https:\/\/acteurs-lr.fr\/index.php\/wp-json\/wp\/v2\/types\/page"}],"author":[{"embeddable":true,"href":"https:\/\/acteurs-lr.fr\/index.php\/wp-json\/wp\/v2\/users\/1"}],"replies":[{"embeddable":true,"href":"https:\/\/acteurs-lr.fr\/index.php\/wp-json\/wp\/v2\/comments?post=48"}],"version-history":[{"count":15,"href":"https:\/\/acteurs-lr.fr\/index.php\/wp-json\/wp\/v2\/pages\/48\/revisions"}],"predecessor-version":[{"id":296,"href":"https:\/\/acteurs-lr.fr\/index.php\/wp-json\/wp\/v2\/pages\/48\/revisions\/296"}],"wp:attachment":[{"href":"https:\/\/acteurs-lr.fr\/index.php\/wp-json\/wp\/v2\/media?parent=48"}],"curies":[{"name":"wp","href":"https:\/\/api.w.org\/{rel}","templated":true}]}}