{"id":50,"date":"2024-10-19T23:13:27","date_gmt":"2024-10-19T21:13:27","guid":{"rendered":"https:\/\/acteurs-lr.fr\/?page_id=50"},"modified":"2025-08-28T11:17:12","modified_gmt":"2025-08-28T09:17:12","slug":"lequipe","status":"publish","type":"page","link":"https:\/\/acteurs-lr.fr\/index.php\/lequipe\/","title":{"rendered":"L&#8217;\u00e9quipe"},"content":{"rendered":"\n<div style=\"height:51px\" aria-hidden=\"true\" class=\"wp-block-spacer\"><\/div>\n\n\n\n<figure class=\"wp-block-image size-full\"><img loading=\"lazy\" decoding=\"async\" width=\"100\" height=\"100\" src=\"http:\/\/acteurs-lr.fr\/wp-content\/uploads\/2024\/10\/picto_equipe.jpg\" alt=\"Logo Equipe\" class=\"wp-image-20\"\/><\/figure>\n\n\n\n<h2 class=\"wp-block-heading\">Yvane MAGOT<\/h2>\n\n\n\n<p><strong>Co-Directrice<br>Charg\u00e9e de Mission<br>Coordinatrice P\u00f4le Insertion<\/strong><br>yvane.magot @ acteurs-lr.fr<\/p>\n\n\n\n<h2 class=\"wp-block-heading\">Fr\u00e9d\u00e9ric BAUDOUIN<\/h2>\n\n\n\n<p><strong>Co-Directeur<br>Responsable de la Gestion Administrative et Financi\u00e8re<br>Coordinateur P\u00f4le Formation<\/strong><br><strong>Architecte de Parcours VAE<\/strong><br>frederic.baudouin @ acteurs-lr.fr<\/p>\n\n\n\n<h2 class=\"wp-block-heading\">Micka\u00ebl BARTORELLO<\/h2>\n\n\n\n<p><strong>Formateur Responsable p\u00e9dagogique<br>Coordinateur actions jeunes<br>R\u00e9f\u00e9rent Handicap<br>Accompagnateur VAE<\/strong><br>mickael.bartorello @ acteurs-lr.fr<\/p>\n\n\n\n<h2 class=\"wp-block-heading\">Emilie OLMOS<\/h2>\n\n\n\n<p><strong>Assistante Administrative<\/strong><br>emilie.olmos @ acteurs-lr.fr<\/p>\n\n\n\n<h2 class=\"wp-block-heading\">Audrey BOUREZ<\/h2>\n\n\n\n<p><strong>Conseill\u00e8re en Insertion Professionnelle<br>Accompagnatrice VAE<\/strong><br>audrey.bourez @ acteurs-lr.f<\/p>\n\n\n\n<h2 class=\"wp-block-heading\">Brice RIOM<\/h2>\n\n\n\n<p><strong>Formateur<\/strong><br>brice.riom @ acteurs-lr.fr<\/p>\n\n\n\n<h2 class=\"wp-block-heading\">Edith SAMPIETRO<\/h2>\n\n\n\n<p><strong>Conseill\u00e8re en Insertion Professionnelle<\/strong><br><strong>Accompagnatrice VAE<\/strong><br>edith.sampietro @ acteurs-lr.fr<\/p>\n\n\n\n<h2 class=\"wp-block-heading\">Christelle MUNCH<\/h2>\n\n\n\n<p><strong>Conseill\u00e8re en Insertion Professionnelle<\/strong><br>christelle.munch @ acteurs-lr.fr<\/p>\n\n\n\n<h2 class=\"wp-block-heading\">C\u00e9line LAURENS<\/h2>\n\n\n\n<p><strong>Conseill\u00e8re en Insertion Professionnelle<\/strong><br>celine.laurens @ acteurs-lr.fr<\/p>\n\n\n\n<hr class=\"wp-block-separator has-alpha-channel-opacity\"\/>\n\n\n\n<p>D&#8217;autres intervenants exp\u00e9riment\u00e9s viennent renforcer l&#8217;\u00e9quipe permanente.<\/p>\n\n\n\n<p><\/p>\n","protected":false},"excerpt":{"rendered":"<p>Yvane MAGOT Co-DirectriceCharg\u00e9e de MissionCoordinatrice P\u00f4le Insertionyvane.magot @ acteurs-lr.fr Fr\u00e9d\u00e9ric BAUDOUIN Co-DirecteurResponsable de la Gestion Administrative et Financi\u00e8reCoordinateur P\u00f4le FormationArchitecte de Parcours VAEfrederic.baudouin @ acteurs-lr.fr Micka\u00ebl BARTORELLO Formateur Responsable p\u00e9dagogiqueCoordinateur actions jeunesR\u00e9f\u00e9rent HandicapAccompagnateur VAEmickael.bartorello @ acteurs-lr.fr Emilie OLMOS Assistante Administrativeemilie.olmos @ acteurs-lr.fr Audrey BOUREZ Conseill\u00e8re en Insertion ProfessionnelleAccompagnatrice VAEaudrey.bourez @ acteurs-lr.f Brice RIOM Formateurbrice.riom @ [&hellip;]<\/p>\n","protected":false},"author":1,"featured_media":0,"parent":0,"menu_order":0,"comment_status":"closed","ping_status":"closed","template":"","meta":{"_themeisle_gutenberg_block_has_review":false,"footnotes":""},"class_list":["post-50","page","type-page","status-publish","hentry"],"_links":{"self":[{"href":"https:\/\/acteurs-lr.fr\/index.php\/wp-json\/wp\/v2\/pages\/50","targetHints":{"allow":["GET"]}}],"collection":[{"href":"https:\/\/acteurs-lr.fr\/index.php\/wp-json\/wp\/v2\/pages"}],"about":[{"href":"https:\/\/acteurs-lr.fr\/index.php\/wp-json\/wp\/v2\/types\/page"}],"author":[{"embeddable":true,"href":"https:\/\/acteurs-lr.fr\/index.php\/wp-json\/wp\/v2\/users\/1"}],"replies":[{"embeddable":true,"href":"https:\/\/acteurs-lr.fr\/index.php\/wp-json\/wp\/v2\/comments?post=50"}],"version-history":[{"count":10,"href":"https:\/\/acteurs-lr.fr\/index.php\/wp-json\/wp\/v2\/pages\/50\/revisions"}],"predecessor-version":[{"id":303,"href":"https:\/\/acteurs-lr.fr\/index.php\/wp-json\/wp\/v2\/pages\/50\/revisions\/303"}],"wp:attachment":[{"href":"https:\/\/acteurs-lr.fr\/index.php\/wp-json\/wp\/v2\/media?parent=50"}],"curies":[{"name":"wp","href":"https:\/\/api.w.org\/{rel}","templated":true}]}}