{"id":52,"date":"2024-10-19T23:13:38","date_gmt":"2024-10-19T21:13:38","guid":{"rendered":"https:\/\/acteurs-lr.fr\/?page_id=52"},"modified":"2025-01-15T13:54:50","modified_gmt":"2025-01-15T12:54:50","slug":"ressources-en-ligne","status":"publish","type":"page","link":"https:\/\/acteurs-lr.fr\/index.php\/ressources-en-ligne\/","title":{"rendered":"Ressources en ligne"},"content":{"rendered":"\n<div style=\"height:52px\" aria-hidden=\"true\" class=\"wp-block-spacer\"><\/div>\n\n\n\n<h2 class=\"wp-block-heading\"><img loading=\"lazy\" decoding=\"async\" width=\"100\" height=\"100\" class=\"wp-image-95\" style=\"width: 100px;\" src=\"http:\/\/acteurs-lr.fr\/wp-content\/uploads\/2024\/10\/picto_ressources.jpg\" alt=\"Picto ressources\">Nos Pads<\/h2>\n\n\n\n<p><img loading=\"lazy\" decoding=\"async\" width=\"20\" height=\"20\" class=\"wp-image-219\" style=\"width: 20px;\" src=\"http:\/\/acteurs-lr.fr\/wp-content\/uploads\/2024\/10\/lien.gif\" alt=\"\"> <a href=\"https:\/\/padlet.com\/mickael_bartorello\/ressources-web-acteurs-rdo1joss4dhzjv5j\" data-type=\"link\" data-id=\"https:\/\/padlet.com\/mickael_bartorello\/ressources-web-acteurs-rdo1joss4dhzjv5j\" target=\"_blank\" rel=\"noreferrer noopener\">Pad ACTEURS Ressources Web : Des outils en ligne pour l&#8217;orientation, l&#8217;insertion professionnelle, la formation\u2026<\/a><\/p>\n\n\n\n<p><img loading=\"lazy\" decoding=\"async\" width=\"20\" height=\"20\" class=\"wp-image-219\" style=\"width: 20px;\" src=\"http:\/\/acteurs-lr.fr\/wp-content\/uploads\/2024\/10\/lien.gif\" alt=\"\"> <a href=\"https:\/\/padlet.com\/sarahelarchi\/acteurs-affich-info-hkyfcw0tundoc7ik\" data-type=\"link\" data-id=\"https:\/\/padlet.com\/sarahelarchi\/acteurs-affich-info-hkyfcw0tundoc7ik\" target=\"_blank\" rel=\"noreferrer noopener\">Pad ACTEURS Affich&#8217;Infos: Des infos actualis\u00e9es sur l&#8217;emploi, la formation et des bons plans!<\/a><\/p>\n\n\n\n<h2 class=\"wp-block-heading\"><img loading=\"lazy\" decoding=\"async\" width=\"100\" height=\"100\" class=\"wp-image-95\" style=\"width: 100px;\" src=\"http:\/\/acteurs-lr.fr\/wp-content\/uploads\/2024\/10\/picto_ressources.jpg\" alt=\"Picto ressources\">Nos autres outils en ligne<\/h2>\n\n\n\n<p><img loading=\"lazy\" decoding=\"async\" width=\"20\" height=\"20\" class=\"wp-image-219\" style=\"width: 20px;\" src=\"http:\/\/acteurs-lr.fr\/wp-content\/uploads\/2024\/10\/lien.gif\" alt=\"\"> <a href=\"https:\/\/www.parcoureo.fr\" target=\"_blank\" rel=\"noreferrer noopener\">Parcoureo<\/a><\/p>\n\n\n\n<p><img loading=\"lazy\" decoding=\"async\" width=\"20\" height=\"20\" class=\"wp-image-219\" style=\"width: 20px;\" src=\"http:\/\/acteurs-lr.fr\/wp-content\/uploads\/2024\/10\/lien.gif\" alt=\"\"> <a href=\"https:\/\/youtu.be\/hJpv4ppaodI\" data-type=\"link\" data-id=\"https:\/\/youtu.be\/hJpv4ppaodI\" target=\"_blank\" rel=\"noreferrer noopener\">Vid\u00e9o &#8220;Les codes de l&#8217;entreprise&#8221;<\/a><\/p>\n\n\n\n<p><img loading=\"lazy\" decoding=\"async\" width=\"20\" height=\"20\" class=\"wp-image-219\" style=\"width: 20px;\" src=\"http:\/\/acteurs-lr.fr\/wp-content\/uploads\/2024\/10\/lien.gif\" alt=\"\"> <a href=\"https:\/\/classroom.google.com\/\" data-type=\"link\" data-id=\"https:\/\/classroom.google.com\/\" target=\"_blank\" rel=\"noreferrer noopener\">Plateforme de suivi \u00e0 distance Google ClassRoom<\/a><\/p>\n\n\n\n<h2 class=\"wp-block-heading\"><img loading=\"lazy\" decoding=\"async\" width=\"100\" height=\"100\" class=\"wp-image-95\" style=\"width: 100px;\" src=\"http:\/\/acteurs-lr.fr\/wp-content\/uploads\/2024\/10\/picto_ressources.jpg\" alt=\"Picto ressources\">Docs utiles \u00e0 t\u00e9l\u00e9charger<\/h2>\n\n\n\n<p><img loading=\"lazy\" decoding=\"async\" width=\"20\" height=\"20\" class=\"wp-image-210\" style=\"width: 20px;\" src=\"http:\/\/acteurs-lr.fr\/wp-content\/uploads\/2024\/10\/download-1.gif\" alt=\"\"> <a href=\"https:\/\/acteurs-lr.fr\/wp-content\/uploads\/2024\/10\/RI_stagiaires.pdf\" data-type=\"attachment\" data-id=\"182\" target=\"_blank\" rel=\"noreferrer noopener\">R\u00e8glement Int\u00e9rieur Stagiaires ACTEURS<\/a><\/p>\n\n\n\n<p><img loading=\"lazy\" decoding=\"async\" width=\"20\" height=\"20\" class=\"wp-image-210\" style=\"width: 20px;\" src=\"http:\/\/acteurs-lr.fr\/wp-content\/uploads\/2024\/10\/download-1.gif\" alt=\"\"><a href=\"https:\/\/acteurs-lr.fr\/wp-content\/uploads\/2025\/01\/plaquette_catalogue-acteurs.pdf\" data-type=\"attachment\" data-id=\"269\"> Notre plaquette et catalogue d&#8217;actions<\/a><\/p>\n\n\n\n<p><\/p>\n","protected":false},"excerpt":{"rendered":"<p>Nos Pads Pad ACTEURS Ressources Web : Des outils en ligne pour l&#8217;orientation, l&#8217;insertion professionnelle, la formation\u2026 Pad ACTEURS Affich&#8217;Infos: Des infos actualis\u00e9es sur l&#8217;emploi, la formation et des bons plans! Nos autres outils en ligne Parcoureo Vid\u00e9o &#8220;Les codes de l&#8217;entreprise&#8221; Plateforme de suivi \u00e0 distance Google ClassRoom Docs utiles \u00e0 t\u00e9l\u00e9charger R\u00e8glement Int\u00e9rieur [&hellip;]<\/p>\n","protected":false},"author":1,"featured_media":0,"parent":0,"menu_order":0,"comment_status":"closed","ping_status":"closed","template":"","meta":{"_themeisle_gutenberg_block_has_review":false,"footnotes":""},"class_list":["post-52","page","type-page","status-publish","hentry"],"_links":{"self":[{"href":"https:\/\/acteurs-lr.fr\/index.php\/wp-json\/wp\/v2\/pages\/52","targetHints":{"allow":["GET"]}}],"collection":[{"href":"https:\/\/acteurs-lr.fr\/index.php\/wp-json\/wp\/v2\/pages"}],"about":[{"href":"https:\/\/acteurs-lr.fr\/index.php\/wp-json\/wp\/v2\/types\/page"}],"author":[{"embeddable":true,"href":"https:\/\/acteurs-lr.fr\/index.php\/wp-json\/wp\/v2\/users\/1"}],"replies":[{"embeddable":true,"href":"https:\/\/acteurs-lr.fr\/index.php\/wp-json\/wp\/v2\/comments?post=52"}],"version-history":[{"count":11,"href":"https:\/\/acteurs-lr.fr\/index.php\/wp-json\/wp\/v2\/pages\/52\/revisions"}],"predecessor-version":[{"id":270,"href":"https:\/\/acteurs-lr.fr\/index.php\/wp-json\/wp\/v2\/pages\/52\/revisions\/270"}],"wp:attachment":[{"href":"https:\/\/acteurs-lr.fr\/index.php\/wp-json\/wp\/v2\/media?parent=52"}],"curies":[{"name":"wp","href":"https:\/\/api.w.org\/{rel}","templated":true}]}}