{"id":99,"date":"2024-10-20T11:17:27","date_gmt":"2024-10-20T09:17:27","guid":{"rendered":"https:\/\/acteurs-lr.fr\/?page_id=99"},"modified":"2024-10-27T18:05:53","modified_gmt":"2024-10-27T17:05:53","slug":"egalite-des-chances","status":"publish","type":"page","link":"https:\/\/acteurs-lr.fr\/index.php\/egalite-des-chances\/","title":{"rendered":"Egalit\u00e9 des chances"},"content":{"rendered":"\n<div style=\"height:49px\" aria-hidden=\"true\" class=\"wp-block-spacer\"><\/div>\n\n\n\n<h2 class=\"wp-block-heading\"><img loading=\"lazy\" decoding=\"async\" width=\"100\" height=\"100\" class=\"wp-image-91\" style=\"width: 100px;\" src=\"http:\/\/acteurs-lr.fr\/wp-content\/uploads\/2024\/10\/picto_ailes.jpg\" alt=\"\"> Accueil des personnes en situation de handicap<\/h2>\n\n\n\n<p>Pour que la formation soit une chance pour tous, notre organisme est engag\u00e9 dans une d\u00e9marche d\u2019accueil et d\u2019accompagnement en formation des personnes en situation de handicap.<\/p>\n\n\n\n<p>Dans ce cadre, nous vous proposons :<\/p>\n\n\n\n<ul class=\"wp-block-list\">\n<li>de vous accueillir et vous accompagner individuellement,<\/li>\n\n\n\n<li>d\u2019\u00e9valuer vos besoins sp\u00e9cifiques au regard d\u2019une situation de handicap,<\/li>\n\n\n\n<li>de mettre en \u0153uvre les adaptations p\u00e9dagogiques, organisationnelles et mat\u00e9rielles n\u00e9cessaires.<\/li>\n<\/ul>\n\n\n\n<p>N&#8217;h\u00e9sitez pas \u00e0 contacter notre r\u00e9f\u00e9rent handicap pour \u00e9voquer vos besoins sp\u00e9cifiques d\u2019am\u00e9nagements au regard de la sant\u00e9. <\/p>\n\n\n\n<p>Vous pouvez joindre notre r\u00e9f\u00e9rent handicap, Micka\u00ebl BARTORELLO au 07 69 38 53 26.<\/p>\n\n\n\n<p><img loading=\"lazy\" decoding=\"async\" width=\"20\" height=\"20\" class=\"wp-image-210\" style=\"width: 20px;\" src=\"http:\/\/acteurs-lr.fr\/wp-content\/uploads\/2024\/10\/download-1.gif\" alt=\"\"> <a href=\"https:\/\/acteurs-lr.fr\/wp-content\/uploads\/2024\/10\/affiche_rh.pdf\" data-type=\"attachment\" data-id=\"169\" target=\"_blank\" rel=\"noreferrer noopener\">Affiche Contact R\u00e9f\u00e9rent Handicap<\/a><\/p>\n\n\n\n<p><\/p>\n","protected":false},"excerpt":{"rendered":"<p>Accueil des personnes en situation de handicap Pour que la formation soit une chance pour tous, notre organisme est engag\u00e9 dans une d\u00e9marche d\u2019accueil et d\u2019accompagnement en formation des personnes en situation de handicap. Dans ce cadre, nous vous proposons : N&#8217;h\u00e9sitez pas \u00e0 contacter notre r\u00e9f\u00e9rent handicap pour \u00e9voquer vos besoins sp\u00e9cifiques d\u2019am\u00e9nagements au [&hellip;]<\/p>\n","protected":false},"author":1,"featured_media":0,"parent":0,"menu_order":0,"comment_status":"closed","ping_status":"closed","template":"","meta":{"_themeisle_gutenberg_block_has_review":false,"footnotes":""},"class_list":["post-99","page","type-page","status-publish","hentry"],"_links":{"self":[{"href":"https:\/\/acteurs-lr.fr\/index.php\/wp-json\/wp\/v2\/pages\/99","targetHints":{"allow":["GET"]}}],"collection":[{"href":"https:\/\/acteurs-lr.fr\/index.php\/wp-json\/wp\/v2\/pages"}],"about":[{"href":"https:\/\/acteurs-lr.fr\/index.php\/wp-json\/wp\/v2\/types\/page"}],"author":[{"embeddable":true,"href":"https:\/\/acteurs-lr.fr\/index.php\/wp-json\/wp\/v2\/users\/1"}],"replies":[{"embeddable":true,"href":"https:\/\/acteurs-lr.fr\/index.php\/wp-json\/wp\/v2\/comments?post=99"}],"version-history":[{"count":8,"href":"https:\/\/acteurs-lr.fr\/index.php\/wp-json\/wp\/v2\/pages\/99\/revisions"}],"predecessor-version":[{"id":239,"href":"https:\/\/acteurs-lr.fr\/index.php\/wp-json\/wp\/v2\/pages\/99\/revisions\/239"}],"wp:attachment":[{"href":"https:\/\/acteurs-lr.fr\/index.php\/wp-json\/wp\/v2\/media?parent=99"}],"curies":[{"name":"wp","href":"https:\/\/api.w.org\/{rel}","templated":true}]}}